{"id":2636,"date":"2025-01-30T17:53:14","date_gmt":"2025-01-30T16:53:14","guid":{"rendered":"https:\/\/www.hannalajer.com\/?page_id=2636"},"modified":"2026-02-02T10:29:07","modified_gmt":"2026-02-02T09:29:07","slug":"kunstforeninger","status":"publish","type":"page","link":"https:\/\/www.hannalajer.com\/index.php\/da\/kunstforeninger\/","title":{"rendered":"Kunstforeninger"},"content":{"rendered":"\n<p>Book en aftale om udstilling af min billedkunst hos jer,  fordi kunst kan noget s\u00e6rligt i forhold til at skabe grobund for samtaler og tilf\u00f8re b\u00e5de fornyelse og dynamik i de vante omgivelser.&nbsp;Kunst er ikke blot inspirerende for medarbejderne, men ogs\u00e5 for eksterne g\u00e6ster i huset.<\/p>\n\n\n\n<p><strong>En skriftlig aftale med jeres kunstforeningen indbefatter:<br><\/strong><\/p>\n\n\n\n<ul>\n<li>Udstilling af ca.15-28 v\u00e6rker, b\u00e5de grafik og maleri i forskellige st\u00f8rrelser. Prisniveau imellem 1800-12.500 kr.<\/li>\n\n\n\n<li>Standardperioden er 1 m\u00e5ned, med mulighed for at aftale en l\u00e6ngere periode.<\/li>\n\n\n\n<li>Jeg s\u00f8rger for transport af malerierne til og fra udstillingen.<\/li>\n\n\n\n<li>Alle malerier er monteret med oph\u00e6ngningssnor. Jeg st\u00e5r for b\u00e5de oph\u00e6ngning og nedtagning af v\u00e6rkerne, med mindre andet aftales.<\/li>\n\n\n\n<li>Aftale om k\u00f8b af&nbsp;v\u00e6rker for min. 4.000 kr. (Nordsj\u00e6lland) ellers 5000 kr.<\/li>\n\n\n\n<li>Minimum 6 af de udstillede v\u00e6rker kan k\u00f8bes indenfor den aftalte bel\u00f8bsramme.<\/li>\n\n\n\n<li>Pr\u00e6sentationsmateriale samt prisliste.<\/li>\n\n\n\n<li>Udstillingsstedet er ansvarlig for forsikring og erstatning af de udstillede malerier i udstillingsperioden, i tilf\u00e6lde af skade, brand, indbrud eller lignende.<\/li>\n<\/ul>\n\n\n\n<p>Kunstforeninger er ogs\u00e5 meget velkomne til at k\u00f8be kunst til foreningen og dens medlemmer. Et udvalg af v\u00e6rker kan ses p\u00e5 www.hannalajer.com, og flere ved at aftale bes\u00f8g i mit atelier ved Asserbo Plantage i Nordsj\u00e6lland.<\/p>\n\n\n\n<h4 class=\"wp-block-heading has-text-align-left\">Referencer\/Kunstforeninger<\/h4>\n\n\n\n<h5 class=\"wp-block-heading has-text-align-left\">Ankestyrelsen, Fibervisions, Deloitte, Dansac, Gentofte R\u00e5dhus, Ledernes kunstforening, Kr\u00e6ftens Bek\u00e6mpelse<strong>, Stevns Kommune fyrcenteret, MT H\u00f8jgaard, Langes Magasin Frederikssund <\/strong>og Kors\u00f8r Kunstforening m.fl har allerede haft en af mine udstillinger i huset og indk\u00f8bt v\u00e6rker.<\/h5>\n\n\n\n<figure class=\"wp-block-image size-large\"><img loading=\"lazy\" decoding=\"async\" width=\"1024\" height=\"879\" src=\"https:\/\/www.hannalajer.com\/wp-content\/uploads\/2025\/05\/20250430_104429-1024x879.jpg\" alt=\"\" class=\"wp-image-2866\" srcset=\"https:\/\/www.hannalajer.com\/wp-content\/uploads\/2025\/05\/20250430_104429-1024x879.jpg 1024w, https:\/\/www.hannalajer.com\/wp-content\/uploads\/2025\/05\/20250430_104429-300x258.jpg 300w, https:\/\/www.hannalajer.com\/wp-content\/uploads\/2025\/05\/20250430_104429-768x659.jpg 768w, https:\/\/www.hannalajer.com\/wp-content\/uploads\/2025\/05\/20250430_104429-1536x1319.jpg 1536w, https:\/\/www.hannalajer.com\/wp-content\/uploads\/2025\/05\/20250430_104429-2048x1758.jpg 2048w, https:\/\/www.hannalajer.com\/wp-content\/uploads\/2025\/05\/20250430_104429-1568x1346.jpg 1568w\" sizes=\"(max-width: 1024px) 100vw, 1024px\" \/><figcaption class=\"wp-element-caption\">Kantinen hos MT H\u00f8jgaard<\/figcaption><\/figure>\n","protected":false},"excerpt":{"rendered":"<p>Book en aftale om udstilling af min billedkunst hos jer, fordi kunst kan noget s\u00e6rligt i forhold til at skabe grobund for samtaler og tilf\u00f8re b\u00e5de fornyelse og dynamik i de vante omgivelser.&nbsp;Kunst er ikke blot inspirerende for medarbejderne, men ogs\u00e5 for eksterne g\u00e6ster i huset. En skriftlig aftale med jeres kunstforeningen indbefatter: Kunstforeninger er&hellip; <a class=\"more-link\" href=\"https:\/\/www.hannalajer.com\/index.php\/da\/kunstforeninger\/\">L\u00e6s mere <span class=\"screen-reader-text\">Kunstforeninger<\/span><\/a><\/p>\n","protected":false},"author":1,"featured_media":0,"parent":0,"menu_order":0,"comment_status":"closed","ping_status":"closed","template":"","meta":{"footnotes":""},"_links":{"self":[{"href":"https:\/\/www.hannalajer.com\/index.php\/wp-json\/wp\/v2\/pages\/2636"}],"collection":[{"href":"https:\/\/www.hannalajer.com\/index.php\/wp-json\/wp\/v2\/pages"}],"about":[{"href":"https:\/\/www.hannalajer.com\/index.php\/wp-json\/wp\/v2\/types\/page"}],"author":[{"embeddable":true,"href":"https:\/\/www.hannalajer.com\/index.php\/wp-json\/wp\/v2\/users\/1"}],"replies":[{"embeddable":true,"href":"https:\/\/www.hannalajer.com\/index.php\/wp-json\/wp\/v2\/comments?post=2636"}],"version-history":[{"count":20,"href":"https:\/\/www.hannalajer.com\/index.php\/wp-json\/wp\/v2\/pages\/2636\/revisions"}],"predecessor-version":[{"id":3091,"href":"https:\/\/www.hannalajer.com\/index.php\/wp-json\/wp\/v2\/pages\/2636\/revisions\/3091"}],"wp:attachment":[{"href":"https:\/\/www.hannalajer.com\/index.php\/wp-json\/wp\/v2\/media?parent=2636"}],"curies":[{"name":"wp","href":"https:\/\/api.w.org\/{rel}","templated":true}]}}