{"id":2644,"date":"2025-01-30T18:03:21","date_gmt":"2025-01-30T17:03:21","guid":{"rendered":"https:\/\/www.hannalajer.com\/?page_id=2644"},"modified":"2026-02-03T12:33:43","modified_gmt":"2026-02-03T11:33:43","slug":"cv","status":"publish","type":"page","link":"https:\/\/www.hannalajer.com\/index.php\/da\/cv\/","title":{"rendered":"CV"},"content":{"rendered":"\n<h5 class=\"wp-block-heading has-text-align-left\"> Uddannet Tekstildesigner fra Danmarks Designskole 1998<\/h5>\n\n\n\n<p>Det meste af mit arbejdsliv har v\u00e6ret i kreativt regi, som tekstildesigner i modeindustrien, mediegrafiker og billedkunstl\u00e6rer.<\/p>\n\n\n\n<p>Jeg har arbejdet som fuldtids billedkunstner\/grafiker siden 2019. Sidel\u00f8bende underviser jeg p\u00e5 h\u00f8jskoler, aftenskoler og i private malegrupper.<\/p>\n\n\n\n<p>Jeg blev i 2022 optaget i den h\u00e6derkronede forening Kvindelige Kunstneres Samfund. <a href=\"http:\/\/www.kks-kunst.dk\/\">KKS (kks-kunst.dk)<\/a><\/p>\n\n\n\n<p><strong> Censurerede udstillinger<\/strong><\/p>\n\n\n\n<p>Maleri antaget p\u00e5 &#8220;Bugten&#8221; censureret udstilling i Galleri Portalen i Hundige 2023                                      <\/p>\n\n\n\n<p>V\u00e6rker antaget p\u00e5 &#8220;HCU&#8221; p\u00e5 Hvidovre censurerede udstilling 2022                                                                                                               <\/p>\n\n\n\n<p><strong>ARTIST CV<\/strong><\/p>\n\n\n\n<h5 class=\"wp-block-heading\">2026:<\/h5>\n\n\n\n<p>Gruppe udstilling i Langes Magasin Frederikssund Jan. 30-Feb.1<\/p>\n\n\n\n<h5 class=\"wp-block-heading\">2025:<\/h5>\n\n\n\n<p> MT H\u00f8jgaards kunstforening May 1-31<\/p>\n\n\n\n<p>Kr\u00e6ftens bek\u00e6mpelses kunstforening February 1-28<\/p>\n\n\n\n<h5 class=\"wp-block-heading\">2024:<\/h5>\n\n\n\n<p>Solo udstilling i Stevns Fyrcenter Nov. 9 \u2013 Dec.15<\/p>\n\n\n\n<p>Deloittes Kunstforening Feb. 1 \u2013 Mar. 1<\/p>\n\n\n\n<p><strong>2023<\/strong>:<\/p>\n\n\n\n<p>Kunstforeningen Dansac Fredensborg<\/p>\n\n\n\n<p>Kunstforeningen Gentofte r\u00e5dhus<\/p>\n\n\n\n<p>Ledernes Kunstforening CPH<\/p>\n\n\n\n<p><strong>2022:<\/strong><\/p>\n\n\n\n<p>\u201cBugten\u201d censureret udstilling Portalen in Hundige.<\/p>\n\n\n\n<p>Kunstforeningen Ankestyrelsen Cph.<\/p>\n\n\n\n<p>\u201cHCU\u201d Hvidovre censurerede udstilling<\/p>\n\n\n\n<p><strong>2021:<\/strong><\/p>\n\n\n\n<p>Kunstforeningen Fibervisions Varde.<\/p>\n\n\n\n<p>Kunst i Pinsen i mit atalier<\/p>\n\n\n\n<p>Art Nordic Kunstmesse CPH.<\/p>\n","protected":false},"excerpt":{"rendered":"<p>Uddannet Tekstildesigner fra Danmarks Designskole 1998 Det meste af mit arbejdsliv har v\u00e6ret i kreativt regi, som tekstildesigner i modeindustrien, mediegrafiker og billedkunstl\u00e6rer. Jeg har arbejdet som fuldtids billedkunstner\/grafiker siden 2019. Sidel\u00f8bende underviser jeg p\u00e5 h\u00f8jskoler, aftenskoler og i private malegrupper. Jeg blev i 2022 optaget i den h\u00e6derkronede forening Kvindelige Kunstneres Samfund. KKS (kks-kunst.dk)&hellip; <a class=\"more-link\" href=\"https:\/\/www.hannalajer.com\/index.php\/da\/cv\/\">L\u00e6s mere <span class=\"screen-reader-text\">CV<\/span><\/a><\/p>\n","protected":false},"author":1,"featured_media":0,"parent":0,"menu_order":0,"comment_status":"closed","ping_status":"closed","template":"","meta":{"footnotes":""},"_links":{"self":[{"href":"https:\/\/www.hannalajer.com\/index.php\/wp-json\/wp\/v2\/pages\/2644"}],"collection":[{"href":"https:\/\/www.hannalajer.com\/index.php\/wp-json\/wp\/v2\/pages"}],"about":[{"href":"https:\/\/www.hannalajer.com\/index.php\/wp-json\/wp\/v2\/types\/page"}],"author":[{"embeddable":true,"href":"https:\/\/www.hannalajer.com\/index.php\/wp-json\/wp\/v2\/users\/1"}],"replies":[{"embeddable":true,"href":"https:\/\/www.hannalajer.com\/index.php\/wp-json\/wp\/v2\/comments?post=2644"}],"version-history":[{"count":9,"href":"https:\/\/www.hannalajer.com\/index.php\/wp-json\/wp\/v2\/pages\/2644\/revisions"}],"predecessor-version":[{"id":3099,"href":"https:\/\/www.hannalajer.com\/index.php\/wp-json\/wp\/v2\/pages\/2644\/revisions\/3099"}],"wp:attachment":[{"href":"https:\/\/www.hannalajer.com\/index.php\/wp-json\/wp\/v2\/media?parent=2644"}],"curies":[{"name":"wp","href":"https:\/\/api.w.org\/{rel}","templated":true}]}}