{"id":562,"date":"2022-03-31T09:53:14","date_gmt":"2022-03-31T09:53:14","guid":{"rendered":"http:\/\/www.hannalajer.com\/?page_id=562"},"modified":"2026-01-18T17:59:24","modified_gmt":"2026-01-18T16:59:24","slug":"om-mig","status":"publish","type":"page","link":"https:\/\/www.hannalajer.com\/index.php\/da\/om-mig\/","title":{"rendered":"Om"},"content":{"rendered":"\n<figure class=\"wp-block-gallery has-nested-images columns-default is-cropped wp-block-gallery-1 is-layout-flex wp-block-gallery-is-layout-flex\">\n<figure class=\"wp-block-image size-large\"><img loading=\"lazy\" decoding=\"async\" width=\"1024\" height=\"860\" data-id=\"3022\" src=\"https:\/\/www.hannalajer.com\/wp-content\/uploads\/2025\/10\/ny-1024x860.jpg\" alt=\"\" class=\"wp-image-3022\" srcset=\"https:\/\/www.hannalajer.com\/wp-content\/uploads\/2025\/10\/ny-1024x860.jpg 1024w, https:\/\/www.hannalajer.com\/wp-content\/uploads\/2025\/10\/ny-300x252.jpg 300w, https:\/\/www.hannalajer.com\/wp-content\/uploads\/2025\/10\/ny-768x645.jpg 768w, https:\/\/www.hannalajer.com\/wp-content\/uploads\/2025\/10\/ny-1536x1290.jpg 1536w, https:\/\/www.hannalajer.com\/wp-content\/uploads\/2025\/10\/ny-2048x1720.jpg 2048w, https:\/\/www.hannalajer.com\/wp-content\/uploads\/2025\/10\/ny-1568x1317.jpg 1568w\" sizes=\"(max-width: 1024px) 100vw, 1024px\" \/><\/figure>\n<\/figure>\n\n\n\n<p>Jeg arbejder som billedkunstner med atelier i det hjem jeg deler med min familie n\u00e6r Asserbo plantage i Nordsj\u00e6lland. Her kommer min kunst til verden, og her arbejder jeg stort set hver dag. Jeg er uddannet tekstildesigner fra Danmarks designskole og har hele mit arbejdsliv arbejdet med noget kreativt, som enten freelancedesigner eller underviser.\u00a0<\/p>\n\n\n\n<p>Jeg maler og laver grafik fordi det er s\u00e5 udfordrende at det holder min interesse fangen. Jeg bliver frustreret n\u00e5r det ikke fungerer, &#8211; men jeg keder mig ALDRIG. Natur, planteliv, klima og menneskers forbundethed dermed er store inspirationskilder. Jeg forholder mig udforskende til b\u00e5de sk\u00f8nheden der omgiver mig, og til den dramatiske klimabelastning som vi mennesker p\u00e5f\u00f8rer planeten. Min kunstneriske praksis d\u00e6mper simpelthen en lurende klima-uro n\u00e5r jeg finder et visuelt udtryk for den.\u00a0<\/p>\n\n\n\n<p>Jeg arbejder abstrakt b\u00e5de p\u00e5 l\u00e6rred og papir, og altid i serier for at kunne udforske et tema fra flere vinkler. Ofte er jeg optaget af at bearbejde indtryk fra mine n\u00e6re omgivelser herunder Arres\u00f8. S\u00f8en er et godt eksempel p\u00e5 den energi og de kontraster jeg s\u00f8ger at overs\u00e6tte visuelt i mit arbejde, da Arres\u00f8 b\u00e5de er virkelig smuk, og samtidig er en af landets mest forurenede s\u00f8er.\u00a0<\/p>\n\n\n\n<p>Det er med stor ydmyghed at jeg oplever at mine v\u00e6rker f\u00e5r nye hjem. Det giver motivation og god energi at sende v\u00e6rkerne ud i verden, og opleve at andre v\u00e6rds\u00e6tter de mange tanker bag hvert eneste udtryk. Du kan f\u00f8lge min kunstneriske proces p\u00e5 b\u00e5de <a href=\"https:\/\/www.facebook.com\/profile.php?id=1301568958\">Facebook<\/a> &amp;<a href=\"https:\/\/www.instagram.com\/hlh.studio\/\"> instagram.com\/hlh.studio\/<\/a> her finder du ogs\u00e5 information om kommende udstillinger og kurser. <br><\/p>\n\n\n\n<p><\/p>\n","protected":false},"excerpt":{"rendered":"<p>Jeg arbejder som billedkunstner med atelier i det hjem jeg deler med min familie n\u00e6r Asserbo plantage i Nordsj\u00e6lland. Her kommer min kunst til verden, og her arbejder jeg stort set hver dag. Jeg er uddannet tekstildesigner fra Danmarks designskole og har hele mit arbejdsliv arbejdet med noget kreativt, som enten freelancedesigner eller underviser.\u00a0 Jeg&hellip; <a class=\"more-link\" href=\"https:\/\/www.hannalajer.com\/index.php\/da\/om-mig\/\">L\u00e6s mere <span class=\"screen-reader-text\">Om<\/span><\/a><\/p>\n","protected":false},"author":2,"featured_media":0,"parent":0,"menu_order":0,"comment_status":"closed","ping_status":"closed","template":"","meta":{"footnotes":""},"_links":{"self":[{"href":"https:\/\/www.hannalajer.com\/index.php\/wp-json\/wp\/v2\/pages\/562"}],"collection":[{"href":"https:\/\/www.hannalajer.com\/index.php\/wp-json\/wp\/v2\/pages"}],"about":[{"href":"https:\/\/www.hannalajer.com\/index.php\/wp-json\/wp\/v2\/types\/page"}],"author":[{"embeddable":true,"href":"https:\/\/www.hannalajer.com\/index.php\/wp-json\/wp\/v2\/users\/2"}],"replies":[{"embeddable":true,"href":"https:\/\/www.hannalajer.com\/index.php\/wp-json\/wp\/v2\/comments?post=562"}],"version-history":[{"count":81,"href":"https:\/\/www.hannalajer.com\/index.php\/wp-json\/wp\/v2\/pages\/562\/revisions"}],"predecessor-version":[{"id":3079,"href":"https:\/\/www.hannalajer.com\/index.php\/wp-json\/wp\/v2\/pages\/562\/revisions\/3079"}],"wp:attachment":[{"href":"https:\/\/www.hannalajer.com\/index.php\/wp-json\/wp\/v2\/media?parent=562"}],"curies":[{"name":"wp","href":"https:\/\/api.w.org\/{rel}","templated":true}]}}