{"id":566,"date":"2022-03-31T09:59:14","date_gmt":"2022-03-31T09:59:14","guid":{"rendered":"http:\/\/www.hannalajer.com\/?page_id=566"},"modified":"2025-10-28T10:21:54","modified_gmt":"2025-10-28T09:21:54","slug":"kontakt-2","status":"publish","type":"page","link":"https:\/\/www.hannalajer.com\/index.php\/da\/kontakt-2\/","title":{"rendered":"Kontakt"},"content":{"rendered":"\n<p>F\u00f8lg mig p\u00e5 sociale medier for indblik i den kunstneriske proces og nye farverige eksperimenter. <\/p>\n\n\n\n<p><strong><a href=\"https:\/\/www.instagram.com\/hlh.studio\/\" data-type=\"URL\" data-id=\"https:\/\/www.instagram.com\/hlh.studio\/\">Instagram <\/a>&amp; <a href=\"https:\/\/www.facebook.com\/profile.php?id=1301568958\" data-type=\"link\" data-id=\"https:\/\/www.facebook.com\/profile.php?id=1301568958\">Facebook<\/a><\/strong><\/p>\n\n\n\n<p>Kontakt mig for at aftale et bes\u00f8g i mit smukt beliggende atelier n\u00e6r Asserbo plantage p\u00e5 Helsingevej 138a i Frederiksv\u00e6rk.<\/p>\n\n\n\n<h5 class=\"wp-block-heading\" id=\"hanna-lajer-hojberg\">Mail: lajerhanna@gmail.com<\/h5>\n\n\n\n<h5 class=\"wp-block-heading\" id=\"hanna-lajer-hojberg\">Mobil 21751311<\/h5>\n\n\n\n<figure class=\"wp-block-gallery has-nested-images columns-default is-cropped wp-block-gallery-1 is-layout-flex wp-block-gallery-is-layout-flex\">\n<figure class=\"wp-block-image size-large\"><img loading=\"lazy\" decoding=\"async\" width=\"383\" height=\"254\" data-id=\"1946\" src=\"https:\/\/www.hannalajer.com\/wp-content\/uploads\/2024\/01\/hus.jpg\" alt=\"\" class=\"wp-image-1946\" srcset=\"https:\/\/www.hannalajer.com\/wp-content\/uploads\/2024\/01\/hus.jpg 383w, https:\/\/www.hannalajer.com\/wp-content\/uploads\/2024\/01\/hus-300x199.jpg 300w\" sizes=\"(max-width: 383px) 100vw, 383px\" \/><\/figure>\n<\/figure>\n","protected":false},"excerpt":{"rendered":"<p>F\u00f8lg mig p\u00e5 sociale medier for indblik i den kunstneriske proces og nye farverige eksperimenter. Instagram &amp; Facebook Kontakt mig for at aftale et bes\u00f8g i mit smukt beliggende atelier n\u00e6r Asserbo plantage p\u00e5 Helsingevej 138a i Frederiksv\u00e6rk. Mail: lajerhanna@gmail.com Mobil 21751311<\/p>\n","protected":false},"author":2,"featured_media":0,"parent":0,"menu_order":0,"comment_status":"closed","ping_status":"closed","template":"","meta":{"footnotes":""},"_links":{"self":[{"href":"https:\/\/www.hannalajer.com\/index.php\/wp-json\/wp\/v2\/pages\/566"}],"collection":[{"href":"https:\/\/www.hannalajer.com\/index.php\/wp-json\/wp\/v2\/pages"}],"about":[{"href":"https:\/\/www.hannalajer.com\/index.php\/wp-json\/wp\/v2\/types\/page"}],"author":[{"embeddable":true,"href":"https:\/\/www.hannalajer.com\/index.php\/wp-json\/wp\/v2\/users\/2"}],"replies":[{"embeddable":true,"href":"https:\/\/www.hannalajer.com\/index.php\/wp-json\/wp\/v2\/comments?post=566"}],"version-history":[{"count":46,"href":"https:\/\/www.hannalajer.com\/index.php\/wp-json\/wp\/v2\/pages\/566\/revisions"}],"predecessor-version":[{"id":3028,"href":"https:\/\/www.hannalajer.com\/index.php\/wp-json\/wp\/v2\/pages\/566\/revisions\/3028"}],"wp:attachment":[{"href":"https:\/\/www.hannalajer.com\/index.php\/wp-json\/wp\/v2\/media?parent=566"}],"curies":[{"name":"wp","href":"https:\/\/api.w.org\/{rel}","templated":true}]}}