{"id":572,"date":"2022-03-31T10:02:22","date_gmt":"2022-03-31T10:02:22","guid":{"rendered":"http:\/\/www.hannalajer.com\/?page_id=572"},"modified":"2026-01-18T17:46:18","modified_gmt":"2026-01-18T16:46:18","slug":"maleri","status":"publish","type":"page","link":"https:\/\/www.hannalajer.com\/index.php\/da\/galleri\/maleri\/","title":{"rendered":"Maleri"},"content":{"rendered":"\n<h4 class=\"wp-block-heading has-text-align-center\">&#8220;Passageways&#8221; 1+2<\/h4>\n\n\n\n<p class=\"has-text-align-center\">Akryl\/olie p\u00e5 h\u00f8rl\u00e6rred 100&#215;150 cm. 12.500 kr. pr. stk. <\/p>\n\n\n\n<figure class=\"wp-block-gallery has-nested-images columns-default is-cropped wp-block-gallery-1 is-layout-flex wp-block-gallery-is-layout-flex\">\n<figure class=\"wp-block-image size-large\"><a href=\"https:\/\/www.hannalajer.com\/wp-content\/uploads\/2025\/05\/passageways2-1-scaled.jpg\"><img loading=\"lazy\" decoding=\"async\" width=\"675\" height=\"1024\" data-id=\"2821\" src=\"https:\/\/www.hannalajer.com\/wp-content\/uploads\/2025\/05\/passageways2-1-675x1024.jpg\" alt=\"\" class=\"wp-image-2821\" srcset=\"https:\/\/www.hannalajer.com\/wp-content\/uploads\/2025\/05\/passageways2-1-675x1024.jpg 675w, https:\/\/www.hannalajer.com\/wp-content\/uploads\/2025\/05\/passageways2-1-198x300.jpg 198w, https:\/\/www.hannalajer.com\/wp-content\/uploads\/2025\/05\/passageways2-1-768x1165.jpg 768w, https:\/\/www.hannalajer.com\/wp-content\/uploads\/2025\/05\/passageways2-1-1012x1536.jpg 1012w, https:\/\/www.hannalajer.com\/wp-content\/uploads\/2025\/05\/passageways2-1-1350x2048.jpg 1350w, https:\/\/www.hannalajer.com\/wp-content\/uploads\/2025\/05\/passageways2-1-1568x2379.jpg 1568w, https:\/\/www.hannalajer.com\/wp-content\/uploads\/2025\/05\/passageways2-1-scaled.jpg 1687w\" sizes=\"(max-width: 675px) 100vw, 675px\" \/><\/a><\/figure>\n\n\n\n<figure class=\"wp-block-image size-large\"><a href=\"https:\/\/www.hannalajer.com\/wp-content\/uploads\/2025\/05\/passageways4-scaled.jpg\"><img loading=\"lazy\" decoding=\"async\" width=\"678\" height=\"1024\" data-id=\"2823\" src=\"https:\/\/www.hannalajer.com\/wp-content\/uploads\/2025\/05\/passageways4-678x1024.jpg\" alt=\"\" class=\"wp-image-2823\" srcset=\"https:\/\/www.hannalajer.com\/wp-content\/uploads\/2025\/05\/passageways4-678x1024.jpg 678w, https:\/\/www.hannalajer.com\/wp-content\/uploads\/2025\/05\/passageways4-199x300.jpg 199w, https:\/\/www.hannalajer.com\/wp-content\/uploads\/2025\/05\/passageways4-768x1160.jpg 768w, https:\/\/www.hannalajer.com\/wp-content\/uploads\/2025\/05\/passageways4-1017x1536.jpg 1017w, https:\/\/www.hannalajer.com\/wp-content\/uploads\/2025\/05\/passageways4-1356x2048.jpg 1356w, https:\/\/www.hannalajer.com\/wp-content\/uploads\/2025\/05\/passageways4-1568x2368.jpg 1568w, https:\/\/www.hannalajer.com\/wp-content\/uploads\/2025\/05\/passageways4-scaled.jpg 1695w\" sizes=\"(max-width: 678px) 100vw, 678px\" \/><\/a><\/figure>\n<\/figure>\n\n\n\n<h4 class=\"wp-block-heading has-text-align-center\">&#8220;Misty morning&#8221;<\/h4>\n\n\n\n<p class=\"has-text-align-center\">Akryl p\u00e5 l\u00e6rred 100&#215;100 cm. 8600 kr.<\/p>\n\n\n\n<figure class=\"wp-block-gallery has-nested-images columns-default is-cropped wp-block-gallery-2 is-layout-flex wp-block-gallery-is-layout-flex\">\n<figure class=\"wp-block-image size-large\"><a href=\"https:\/\/www.hannalajer.com\/wp-content\/uploads\/2025\/03\/misty-scaled.jpg\"><img loading=\"lazy\" decoding=\"async\" width=\"1011\" height=\"1024\" data-id=\"2726\" src=\"https:\/\/www.hannalajer.com\/wp-content\/uploads\/2025\/03\/misty-1011x1024.jpg\" alt=\"\" class=\"wp-image-2726\" srcset=\"https:\/\/www.hannalajer.com\/wp-content\/uploads\/2025\/03\/misty-1011x1024.jpg 1011w, https:\/\/www.hannalajer.com\/wp-content\/uploads\/2025\/03\/misty-296x300.jpg 296w, https:\/\/www.hannalajer.com\/wp-content\/uploads\/2025\/03\/misty-768x778.jpg 768w, https:\/\/www.hannalajer.com\/wp-content\/uploads\/2025\/03\/misty-1517x1536.jpg 1517w, https:\/\/www.hannalajer.com\/wp-content\/uploads\/2025\/03\/misty-2022x2048.jpg 2022w, https:\/\/www.hannalajer.com\/wp-content\/uploads\/2025\/03\/misty-1568x1588.jpg 1568w\" sizes=\"(max-width: 1011px) 100vw, 1011px\" \/><\/a><\/figure>\n<\/figure>\n\n\n\n<h4 class=\"wp-block-heading has-text-align-center\">&#8220;Breathe Green&#8221;<\/h4>\n\n\n\n<p class=\"has-text-align-center\">Akryl p\u00e5 H\u00f8r 50&#215;70 cm. 4998 kr. <\/p>\n\n\n\n<figure class=\"wp-block-gallery has-nested-images columns-default is-cropped wp-block-gallery-3 is-layout-flex wp-block-gallery-is-layout-flex\">\n<figure class=\"wp-block-image size-large\"><a href=\"https:\/\/www.hannalajer.com\/wp-content\/uploads\/2025\/03\/ny-scaled.jpg\"><img loading=\"lazy\" decoding=\"async\" width=\"734\" height=\"1024\" data-id=\"2751\" src=\"https:\/\/www.hannalajer.com\/wp-content\/uploads\/2025\/03\/ny-734x1024.jpg\" alt=\"\" class=\"wp-image-2751\" srcset=\"https:\/\/www.hannalajer.com\/wp-content\/uploads\/2025\/03\/ny-734x1024.jpg 734w, https:\/\/www.hannalajer.com\/wp-content\/uploads\/2025\/03\/ny-215x300.jpg 215w, https:\/\/www.hannalajer.com\/wp-content\/uploads\/2025\/03\/ny-768x1072.jpg 768w, https:\/\/www.hannalajer.com\/wp-content\/uploads\/2025\/03\/ny-1100x1536.jpg 1100w, https:\/\/www.hannalajer.com\/wp-content\/uploads\/2025\/03\/ny-1467x2048.jpg 1467w, https:\/\/www.hannalajer.com\/wp-content\/uploads\/2025\/03\/ny-1568x2189.jpg 1568w, https:\/\/www.hannalajer.com\/wp-content\/uploads\/2025\/03\/ny-scaled.jpg 1834w\" sizes=\"(max-width: 734px) 100vw, 734px\" \/><\/a><\/figure>\n<\/figure>\n\n\n\n<h4 class=\"wp-block-heading has-text-align-center\"> &#8220;Rosa himmel + Arres\u00f8 blues&#8221;<\/h4>\n\n\n\n<p class=\"has-text-align-center\">Akryl p\u00e5 h\u00f8rl\u00e6rred 50&#215;70 cm. 4998 kr. pr. stk. <\/p>\n\n\n\n<figure class=\"wp-block-gallery has-nested-images columns-default is-cropped wp-block-gallery-4 is-layout-flex wp-block-gallery-is-layout-flex\">\n<figure class=\"wp-block-image size-large\"><a href=\"https:\/\/www.hannalajer.com\/wp-content\/uploads\/2024\/09\/rose-2-scaled.jpg\"><img loading=\"lazy\" decoding=\"async\" width=\"718\" height=\"1024\" data-id=\"2307\" src=\"https:\/\/www.hannalajer.com\/wp-content\/uploads\/2024\/09\/rose-2-718x1024.jpg\" alt=\"\" class=\"wp-image-2307\" srcset=\"https:\/\/www.hannalajer.com\/wp-content\/uploads\/2024\/09\/rose-2-718x1024.jpg 718w, https:\/\/www.hannalajer.com\/wp-content\/uploads\/2024\/09\/rose-2-210x300.jpg 210w, https:\/\/www.hannalajer.com\/wp-content\/uploads\/2024\/09\/rose-2-768x1095.jpg 768w, https:\/\/www.hannalajer.com\/wp-content\/uploads\/2024\/09\/rose-2-1077x1536.jpg 1077w, https:\/\/www.hannalajer.com\/wp-content\/uploads\/2024\/09\/rose-2-1436x2048.jpg 1436w, https:\/\/www.hannalajer.com\/wp-content\/uploads\/2024\/09\/rose-2-1568x2236.jpg 1568w, https:\/\/www.hannalajer.com\/wp-content\/uploads\/2024\/09\/rose-2-scaled.jpg 1795w\" sizes=\"(max-width: 718px) 100vw, 718px\" \/><\/a><figcaption class=\"wp-element-caption\">SOLGT<\/figcaption><\/figure>\n\n\n\n<figure class=\"wp-block-image size-large\"><a href=\"https:\/\/www.hannalajer.com\/wp-content\/uploads\/2024\/09\/blueland2-2-scaled.jpg\"><img loading=\"lazy\" decoding=\"async\" width=\"735\" height=\"1024\" data-id=\"2306\" src=\"https:\/\/www.hannalajer.com\/wp-content\/uploads\/2024\/09\/blueland2-2-735x1024.jpg\" alt=\"\" class=\"wp-image-2306\" srcset=\"https:\/\/www.hannalajer.com\/wp-content\/uploads\/2024\/09\/blueland2-2-735x1024.jpg 735w, https:\/\/www.hannalajer.com\/wp-content\/uploads\/2024\/09\/blueland2-2-215x300.jpg 215w, https:\/\/www.hannalajer.com\/wp-content\/uploads\/2024\/09\/blueland2-2-768x1071.jpg 768w, https:\/\/www.hannalajer.com\/wp-content\/uploads\/2024\/09\/blueland2-2-1102x1536.jpg 1102w, https:\/\/www.hannalajer.com\/wp-content\/uploads\/2024\/09\/blueland2-2-1469x2048.jpg 1469w, https:\/\/www.hannalajer.com\/wp-content\/uploads\/2024\/09\/blueland2-2-1568x2186.jpg 1568w, https:\/\/www.hannalajer.com\/wp-content\/uploads\/2024\/09\/blueland2-2-scaled.jpg 1837w\" sizes=\"(max-width: 735px) 100vw, 735px\" \/><\/a><figcaption class=\"wp-element-caption\">SOLGT<\/figcaption><\/figure>\n<\/figure>\n\n\n\n<h4 class=\"wp-block-heading has-text-align-center\">&#8220;Udkig&#8221;<\/h4>\n\n\n\n<p class=\"has-text-align-center\">Akryl p\u00e5 h\u00f8rl\u00e6rred 50x70cm. 4998 kr. <\/p>\n\n\n\n<figure class=\"wp-block-gallery has-nested-images columns-default is-cropped wp-block-gallery-5 is-layout-flex wp-block-gallery-is-layout-flex\">\n<figure class=\"wp-block-image size-large\"><a href=\"https:\/\/www.hannalajer.com\/wp-content\/uploads\/2025\/06\/20250601_134332-scaled.jpg\"><img loading=\"lazy\" decoding=\"async\" width=\"1024\" height=\"734\" data-id=\"2913\" src=\"https:\/\/www.hannalajer.com\/wp-content\/uploads\/2025\/06\/20250601_134332-1024x734.jpg\" alt=\"\" class=\"wp-image-2913\" srcset=\"https:\/\/www.hannalajer.com\/wp-content\/uploads\/2025\/06\/20250601_134332-1024x734.jpg 1024w, https:\/\/www.hannalajer.com\/wp-content\/uploads\/2025\/06\/20250601_134332-300x215.jpg 300w, https:\/\/www.hannalajer.com\/wp-content\/uploads\/2025\/06\/20250601_134332-768x551.jpg 768w, https:\/\/www.hannalajer.com\/wp-content\/uploads\/2025\/06\/20250601_134332-1536x1101.jpg 1536w, https:\/\/www.hannalajer.com\/wp-content\/uploads\/2025\/06\/20250601_134332-2048x1468.jpg 2048w, https:\/\/www.hannalajer.com\/wp-content\/uploads\/2025\/06\/20250601_134332-1568x1124.jpg 1568w\" sizes=\"(max-width: 1024px) 100vw, 1024px\" \/><\/a><\/figure>\n<\/figure>\n\n\n\n<h4 class=\"wp-block-heading has-text-align-center\">&#8220;Bl\u00e5 time&#8221;<\/h4>\n\n\n\n<p class=\"has-text-align-center\">Akryl p\u00e5 l\u00e6rred. 50&#215;70 cm. <\/p>\n\n\n\n<figure class=\"wp-block-gallery has-nested-images columns-default is-cropped wp-block-gallery-6 is-layout-flex wp-block-gallery-is-layout-flex\">\n<figure class=\"wp-block-image size-large\"><img loading=\"lazy\" decoding=\"async\" width=\"727\" height=\"1024\" data-id=\"2289\" src=\"https:\/\/www.hannalajer.com\/wp-content\/uploads\/2024\/09\/blaablomst-1-727x1024.jpg\" alt=\"\" class=\"wp-image-2289\" srcset=\"https:\/\/www.hannalajer.com\/wp-content\/uploads\/2024\/09\/blaablomst-1-727x1024.jpg 727w, https:\/\/www.hannalajer.com\/wp-content\/uploads\/2024\/09\/blaablomst-1-213x300.jpg 213w, https:\/\/www.hannalajer.com\/wp-content\/uploads\/2024\/09\/blaablomst-1-768x1082.jpg 768w, https:\/\/www.hannalajer.com\/wp-content\/uploads\/2024\/09\/blaablomst-1-1090x1536.jpg 1090w, https:\/\/www.hannalajer.com\/wp-content\/uploads\/2024\/09\/blaablomst-1-1453x2048.jpg 1453w, https:\/\/www.hannalajer.com\/wp-content\/uploads\/2024\/09\/blaablomst-1-1568x2209.jpg 1568w, https:\/\/www.hannalajer.com\/wp-content\/uploads\/2024\/09\/blaablomst-1-scaled.jpg 1817w\" sizes=\"(max-width: 727px) 100vw, 727px\" \/><figcaption class=\"wp-element-caption\">SOLGT<\/figcaption><\/figure>\n<\/figure>\n\n\n\n<h4 class=\"wp-block-heading has-text-align-center\" id=\"magnolia-view-acrylic-on-canvas-110-x-110-cm-7500-kr\"><strong>&#8220;Hopes and dreams<\/strong>&#8220;<\/h4>\n\n\n\n<p class=\"has-text-align-center\">Akryl\/kul p\u00e5 l\u00e6rred 100 x 100cm. 8600 kr. <\/p>\n\n\n\n<div class=\"wp-block-columns is-layout-flex wp-container-core-columns-layout-1 wp-block-columns-is-layout-flex\">\n<div class=\"wp-block-column is-layout-flow wp-block-column-is-layout-flow\" style=\"flex-basis:100%\">\n<div class=\"wp-block-group is-layout-flow wp-block-group-is-layout-flow\"><div class=\"wp-block-group__inner-container\">\n<figure class=\"wp-block-gallery has-nested-images columns-default is-cropped wp-block-gallery-7 is-layout-flex wp-block-gallery-is-layout-flex\">\n<figure class=\"wp-block-image size-large\"><a href=\"https:\/\/www.hannalajer.com\/wp-content\/uploads\/2022\/05\/DSC_5204-1-scaled.jpg\"><img loading=\"lazy\" decoding=\"async\" width=\"1008\" height=\"1024\" src=\"https:\/\/www.hannalajer.com\/wp-content\/uploads\/2022\/05\/DSC_5204-1-1008x1024.jpg\" alt=\"\" class=\"wp-image-765\" srcset=\"https:\/\/www.hannalajer.com\/wp-content\/uploads\/2022\/05\/DSC_5204-1-1008x1024.jpg 1008w, https:\/\/www.hannalajer.com\/wp-content\/uploads\/2022\/05\/DSC_5204-1-295x300.jpg 295w, https:\/\/www.hannalajer.com\/wp-content\/uploads\/2022\/05\/DSC_5204-1-768x780.jpg 768w, https:\/\/www.hannalajer.com\/wp-content\/uploads\/2022\/05\/DSC_5204-1-1512x1536.jpg 1512w, https:\/\/www.hannalajer.com\/wp-content\/uploads\/2022\/05\/DSC_5204-1-2015x2048.jpg 2015w, https:\/\/www.hannalajer.com\/wp-content\/uploads\/2022\/05\/DSC_5204-1-1568x1593.jpg 1568w\" sizes=\"(max-width: 1008px) 100vw, 1008px\" \/><\/a><\/figure>\n<\/figure>\n<\/div><\/div>\n<\/div>\n<\/div>\n\n\n\n<h4 class=\"wp-block-heading has-text-align-center\">&#8220;Winter mood&#8221;<strong> <\/strong><\/h4>\n\n\n\n<p class=\"has-text-align-center\">Akryl\/kul p\u00e5 l\u00e6rred 110 x 110 cm. <\/p>\n\n\n\n<figure class=\"wp-block-gallery has-nested-images columns-default is-cropped wp-block-gallery-8 is-layout-flex wp-block-gallery-is-layout-flex\">\n<figure class=\"wp-block-image size-large\"><a href=\"https:\/\/www.hannalajer.com\/wp-content\/uploads\/2022\/08\/DSC_5206-scaled.jpg\"><img loading=\"lazy\" decoding=\"async\" width=\"1024\" height=\"1017\" data-id=\"1119\" src=\"https:\/\/www.hannalajer.com\/wp-content\/uploads\/2022\/08\/DSC_5206-1024x1017.jpg\" alt=\"\" class=\"wp-image-1119\" srcset=\"https:\/\/www.hannalajer.com\/wp-content\/uploads\/2022\/08\/DSC_5206-1024x1017.jpg 1024w, https:\/\/www.hannalajer.com\/wp-content\/uploads\/2022\/08\/DSC_5206-300x298.jpg 300w, https:\/\/www.hannalajer.com\/wp-content\/uploads\/2022\/08\/DSC_5206-150x150.jpg 150w, https:\/\/www.hannalajer.com\/wp-content\/uploads\/2022\/08\/DSC_5206-768x763.jpg 768w, https:\/\/www.hannalajer.com\/wp-content\/uploads\/2022\/08\/DSC_5206-1536x1526.jpg 1536w, https:\/\/www.hannalajer.com\/wp-content\/uploads\/2022\/08\/DSC_5206-2048x2034.jpg 2048w, https:\/\/www.hannalajer.com\/wp-content\/uploads\/2022\/08\/DSC_5206-1568x1557.jpg 1568w\" sizes=\"(max-width: 1024px) 100vw, 1024px\" \/><\/a><figcaption class=\"wp-element-caption\"><strong>SOLGT<\/strong><\/figcaption><\/figure>\n<\/figure>\n\n\n\n<h4 class=\"wp-block-heading has-text-align-center\"><strong>&#8220;Magnoliaview&#8221; <\/strong><\/h4>\n\n\n\n<p class=\"has-text-align-center\">Akryl\/kul p\u00e5 l\u00e6rred 110 x 110 cm.<\/p>\n\n\n\n<figure class=\"wp-block-gallery has-nested-images columns-default is-cropped wp-block-gallery-9 is-layout-flex wp-block-gallery-is-layout-flex\">\n<figure class=\"wp-block-image size-large\"><a href=\"https:\/\/www.hannalajer.com\/wp-content\/uploads\/2022\/08\/272768489_10228877624587678_5304392313928300214_n.jpg\"><img loading=\"lazy\" decoding=\"async\" width=\"1024\" height=\"1024\" data-id=\"1041\" src=\"https:\/\/www.hannalajer.com\/wp-content\/uploads\/2022\/08\/272768489_10228877624587678_5304392313928300214_n-1024x1024.jpg\" alt=\"\" class=\"wp-image-1041\" srcset=\"https:\/\/www.hannalajer.com\/wp-content\/uploads\/2022\/08\/272768489_10228877624587678_5304392313928300214_n-1024x1024.jpg 1024w, https:\/\/www.hannalajer.com\/wp-content\/uploads\/2022\/08\/272768489_10228877624587678_5304392313928300214_n-300x300.jpg 300w, https:\/\/www.hannalajer.com\/wp-content\/uploads\/2022\/08\/272768489_10228877624587678_5304392313928300214_n-150x150.jpg 150w, https:\/\/www.hannalajer.com\/wp-content\/uploads\/2022\/08\/272768489_10228877624587678_5304392313928300214_n-768x768.jpg 768w, https:\/\/www.hannalajer.com\/wp-content\/uploads\/2022\/08\/272768489_10228877624587678_5304392313928300214_n.jpg 1080w\" sizes=\"(max-width: 1024px) 100vw, 1024px\" \/><\/a><figcaption class=\"wp-element-caption\">SOLGT<\/figcaption><\/figure>\n<\/figure>\n\n\n\n<h4 class=\"wp-block-heading has-text-align-center\" id=\"my-kitchenview-acrylic-on-canvas-80-x-120-cm-7500-kr\"><strong>&#8220;My kitchenview&#8221; <\/strong><\/h4>\n\n\n\n<p class=\"has-text-align-center\">Akryl p\u00e5 l\u00e6rred 80 x 120 cm. <\/p>\n\n\n\n<figure class=\"wp-block-gallery has-nested-images columns-default is-cropped wp-block-gallery-10 is-layout-flex wp-block-gallery-is-layout-flex\">\n<figure class=\"wp-block-image size-full\"><a href=\"https:\/\/www.hannalajer.com\/wp-content\/uploads\/2022\/02\/my-view.jpg\"><img loading=\"lazy\" decoding=\"async\" width=\"1080\" height=\"1351\" data-id=\"262\" src=\"https:\/\/www.hannalajer.com\/wp-content\/uploads\/2022\/02\/my-view.jpg\" alt=\"\" class=\"wp-image-262\" srcset=\"https:\/\/www.hannalajer.com\/wp-content\/uploads\/2022\/02\/my-view.jpg 1080w, https:\/\/www.hannalajer.com\/wp-content\/uploads\/2022\/02\/my-view-240x300.jpg 240w, https:\/\/www.hannalajer.com\/wp-content\/uploads\/2022\/02\/my-view-819x1024.jpg 819w, https:\/\/www.hannalajer.com\/wp-content\/uploads\/2022\/02\/my-view-768x961.jpg 768w\" sizes=\"(max-width: 1080px) 100vw, 1080px\" \/><\/a><\/figure>\n\n\n\n<figure class=\"wp-block-image size-full\"><a href=\"https:\/\/www.hannalajer.com\/wp-content\/uploads\/2022\/02\/IMG_20220118_163215_2_2-scaled.jpg\"><img loading=\"lazy\" decoding=\"async\" width=\"1686\" height=\"2560\" data-id=\"263\" src=\"https:\/\/www.hannalajer.com\/wp-content\/uploads\/2022\/02\/IMG_20220118_163215_2_2-scaled.jpg\" alt=\"\" class=\"wp-image-263\" srcset=\"https:\/\/www.hannalajer.com\/wp-content\/uploads\/2022\/02\/IMG_20220118_163215_2_2-scaled.jpg 1686w, https:\/\/www.hannalajer.com\/wp-content\/uploads\/2022\/02\/IMG_20220118_163215_2_2-198x300.jpg 198w, https:\/\/www.hannalajer.com\/wp-content\/uploads\/2022\/02\/IMG_20220118_163215_2_2-674x1024.jpg 674w, https:\/\/www.hannalajer.com\/wp-content\/uploads\/2022\/02\/IMG_20220118_163215_2_2-768x1166.jpg 768w, https:\/\/www.hannalajer.com\/wp-content\/uploads\/2022\/02\/IMG_20220118_163215_2_2-1011x1536.jpg 1011w, https:\/\/www.hannalajer.com\/wp-content\/uploads\/2022\/02\/IMG_20220118_163215_2_2-1349x2048.jpg 1349w, https:\/\/www.hannalajer.com\/wp-content\/uploads\/2022\/02\/IMG_20220118_163215_2_2-1568x2381.jpg 1568w\" sizes=\"(max-width: 1686px) 100vw, 1686px\" \/><\/a><figcaption class=\"wp-element-caption\">SOLGT<\/figcaption><\/figure>\n<\/figure>\n\n\n\n<h4 class=\"wp-block-heading has-text-align-center\" id=\"float-acrylic-on-canvas-100-x-100-cm-5500-kr\"><strong>&#8220;Float&#8221; <\/strong><\/h4>\n\n\n\n<p class=\"has-text-align-center\">Akryl p\u00e5 l\u00e6rred 100 x 100 cm. <\/p>\n\n\n\n<figure class=\"wp-block-gallery has-nested-images columns-default is-cropped wp-block-gallery-11 is-layout-flex wp-block-gallery-is-layout-flex\">\n<figure class=\"wp-block-image size-large\"><a href=\"https:\/\/www.hannalajer.com\/wp-content\/uploads\/2022\/02\/262049729_10228490509230036_2659893467512986849_n.jpg\"><img loading=\"lazy\" decoding=\"async\" width=\"847\" height=\"847\" data-id=\"196\" src=\"http:\/\/www.hannalajer.com\/wp-content\/uploads\/2022\/02\/262049729_10228490509230036_2659893467512986849_n.jpg\" alt=\"\" class=\"wp-image-196\" srcset=\"https:\/\/www.hannalajer.com\/wp-content\/uploads\/2022\/02\/262049729_10228490509230036_2659893467512986849_n.jpg 847w, https:\/\/www.hannalajer.com\/wp-content\/uploads\/2022\/02\/262049729_10228490509230036_2659893467512986849_n-300x300.jpg 300w, https:\/\/www.hannalajer.com\/wp-content\/uploads\/2022\/02\/262049729_10228490509230036_2659893467512986849_n-150x150.jpg 150w, https:\/\/www.hannalajer.com\/wp-content\/uploads\/2022\/02\/262049729_10228490509230036_2659893467512986849_n-768x768.jpg 768w\" sizes=\"(max-width: 847px) 100vw, 847px\" \/><\/a><\/figure>\n\n\n\n<figure class=\"wp-block-image size-large\"><a href=\"https:\/\/www.hannalajer.com\/wp-content\/uploads\/2022\/02\/DSC_5005-scaled.jpg\"><img loading=\"lazy\" decoding=\"async\" width=\"1024\" height=\"1011\" data-id=\"192\" src=\"http:\/\/www.hannalajer.com\/wp-content\/uploads\/2022\/02\/DSC_5005-1024x1011.jpg\" alt=\"\" class=\"wp-image-192\" srcset=\"https:\/\/www.hannalajer.com\/wp-content\/uploads\/2022\/02\/DSC_5005-1024x1011.jpg 1024w, https:\/\/www.hannalajer.com\/wp-content\/uploads\/2022\/02\/DSC_5005-300x296.jpg 300w, https:\/\/www.hannalajer.com\/wp-content\/uploads\/2022\/02\/DSC_5005-768x758.jpg 768w, https:\/\/www.hannalajer.com\/wp-content\/uploads\/2022\/02\/DSC_5005-1536x1516.jpg 1536w, https:\/\/www.hannalajer.com\/wp-content\/uploads\/2022\/02\/DSC_5005-2048x2022.jpg 2048w, https:\/\/www.hannalajer.com\/wp-content\/uploads\/2022\/02\/DSC_5005-1568x1548.jpg 1568w\" sizes=\"(max-width: 1024px) 100vw, 1024px\" \/><\/a><figcaption class=\"wp-element-caption\">SOLGT<\/figcaption><\/figure>\n<\/figure>\n\n\n\n<h4 class=\"wp-block-heading has-text-align-center\" id=\"delicate-flower-acylic-on-canvas-60-x-80-cm-3500-kr\"><strong>&#8220;Delicate flower&#8221; 1-6<\/strong><\/h4>\n\n\n\n<p class=\"has-text-align-center\">Akryl p\u00e5 l\u00e6rred 60 x 80 cm. 5550 kr.<\/p>\n\n\n\n<figure class=\"wp-block-gallery has-nested-images columns-default is-cropped wp-block-gallery-12 is-layout-flex wp-block-gallery-is-layout-flex\">\n<figure class=\"wp-block-image size-large\"><a href=\"https:\/\/www.hannalajer.com\/wp-content\/uploads\/2022\/02\/191813410_779705802689016_8068.jpg\"><img loading=\"lazy\" decoding=\"async\" width=\"1024\" height=\"1024\" data-id=\"302\" src=\"http:\/\/www.hannalajer.com\/wp-content\/uploads\/2022\/02\/191813410_779705802689016_8068-1024x1024.jpg\" alt=\"\" class=\"wp-image-302\" srcset=\"https:\/\/www.hannalajer.com\/wp-content\/uploads\/2022\/02\/191813410_779705802689016_8068-1024x1024.jpg 1024w, https:\/\/www.hannalajer.com\/wp-content\/uploads\/2022\/02\/191813410_779705802689016_8068-300x300.jpg 300w, https:\/\/www.hannalajer.com\/wp-content\/uploads\/2022\/02\/191813410_779705802689016_8068-150x150.jpg 150w, https:\/\/www.hannalajer.com\/wp-content\/uploads\/2022\/02\/191813410_779705802689016_8068-768x768.jpg 768w, https:\/\/www.hannalajer.com\/wp-content\/uploads\/2022\/02\/191813410_779705802689016_8068.jpg 1080w\" sizes=\"(max-width: 1024px) 100vw, 1024px\" \/><\/a><figcaption class=\"wp-element-caption\">SOLGT<\/figcaption><\/figure>\n\n\n\n<figure class=\"wp-block-image size-large\"><a href=\"https:\/\/www.hannalajer.com\/wp-content\/uploads\/2022\/02\/194709880_4102480083141471_49.jpg\"><img loading=\"lazy\" decoding=\"async\" width=\"1024\" height=\"1024\" data-id=\"300\" src=\"http:\/\/www.hannalajer.com\/wp-content\/uploads\/2022\/02\/194709880_4102480083141471_49-1024x1024.jpg\" alt=\"\" class=\"wp-image-300\" srcset=\"https:\/\/www.hannalajer.com\/wp-content\/uploads\/2022\/02\/194709880_4102480083141471_49-1024x1024.jpg 1024w, https:\/\/www.hannalajer.com\/wp-content\/uploads\/2022\/02\/194709880_4102480083141471_49-300x300.jpg 300w, https:\/\/www.hannalajer.com\/wp-content\/uploads\/2022\/02\/194709880_4102480083141471_49-150x150.jpg 150w, https:\/\/www.hannalajer.com\/wp-content\/uploads\/2022\/02\/194709880_4102480083141471_49-768x768.jpg 768w, https:\/\/www.hannalajer.com\/wp-content\/uploads\/2022\/02\/194709880_4102480083141471_49.jpg 1080w\" sizes=\"(max-width: 1024px) 100vw, 1024px\" \/><\/a><figcaption class=\"wp-element-caption\">SOLGT<\/figcaption><\/figure>\n\n\n\n<figure class=\"wp-block-image size-large\"><a href=\"https:\/\/www.hannalajer.com\/wp-content\/uploads\/2022\/02\/DSC_4992-scaled.jpg\"><img loading=\"lazy\" decoding=\"async\" width=\"757\" height=\"1024\" data-id=\"173\" src=\"http:\/\/www.hannalajer.com\/wp-content\/uploads\/2022\/02\/DSC_4992-757x1024.jpg\" alt=\"\" class=\"wp-image-173\" srcset=\"https:\/\/www.hannalajer.com\/wp-content\/uploads\/2022\/02\/DSC_4992-757x1024.jpg 757w, https:\/\/www.hannalajer.com\/wp-content\/uploads\/2022\/02\/DSC_4992-222x300.jpg 222w, https:\/\/www.hannalajer.com\/wp-content\/uploads\/2022\/02\/DSC_4992-768x1038.jpg 768w, https:\/\/www.hannalajer.com\/wp-content\/uploads\/2022\/02\/DSC_4992-1136x1536.jpg 1136w, https:\/\/www.hannalajer.com\/wp-content\/uploads\/2022\/02\/DSC_4992-1515x2048.jpg 1515w, https:\/\/www.hannalajer.com\/wp-content\/uploads\/2022\/02\/DSC_4992-1568x2120.jpg 1568w, https:\/\/www.hannalajer.com\/wp-content\/uploads\/2022\/02\/DSC_4992-scaled.jpg 1893w\" sizes=\"(max-width: 757px) 100vw, 757px\" \/><\/a><figcaption class=\"wp-element-caption\">SOLGT<\/figcaption><\/figure>\n<\/figure>\n\n\n\n<h4 class=\"wp-block-heading has-text-align-center\" id=\"rootless-acrylic-on-canvas-100-x-100-cm-5500-kr\">&#8220;Rootless&#8221;<\/h4>\n\n\n\n<p class=\"has-text-align-center\">Akryl p\u00e5 l\u00e6rred 100 x 100 cm. <\/p>\n\n\n\n<figure class=\"wp-block-gallery has-nested-images columns-default is-cropped wp-block-gallery-13 is-layout-flex wp-block-gallery-is-layout-flex\">\n<figure class=\"wp-block-image size-full\"><a href=\"http:\/\/www.hannalajer.com\/wp-content\/uploads\/2022\/02\/123524853_1315376387.jpg\"><img loading=\"lazy\" decoding=\"async\" width=\"962\" height=\"974\" data-id=\"296\" src=\"http:\/\/www.hannalajer.com\/wp-content\/uploads\/2022\/02\/123524853_1315376387.jpg\" alt=\"\" class=\"wp-image-296\" srcset=\"https:\/\/www.hannalajer.com\/wp-content\/uploads\/2022\/02\/123524853_1315376387.jpg 962w, https:\/\/www.hannalajer.com\/wp-content\/uploads\/2022\/02\/123524853_1315376387-296x300.jpg 296w, https:\/\/www.hannalajer.com\/wp-content\/uploads\/2022\/02\/123524853_1315376387-768x778.jpg 768w\" sizes=\"(max-width: 962px) 100vw, 962px\" \/><\/a><figcaption class=\"wp-element-caption\">SOLGT<\/figcaption><\/figure>\n<\/figure>\n\n\n\n<h4 class=\"wp-block-heading has-text-align-center\" id=\"flower-composition-acrylic-on-canvas-30-x-40-cm-950-kr\"><\/h4>\n\n\n\n<figure class=\"wp-block-gallery has-nested-images columns-default is-cropped wp-block-gallery-14 is-layout-flex wp-block-gallery-is-layout-flex\"><\/figure>\n","protected":false},"excerpt":{"rendered":"<p>&#8220;Passageways&#8221; 1+2 Akryl\/olie p\u00e5 h\u00f8rl\u00e6rred 100&#215;150 cm. 12.500 kr. pr. stk. &#8220;Misty morning&#8221; Akryl p\u00e5 l\u00e6rred 100&#215;100 cm. 8600 kr. &#8220;Breathe Green&#8221; Akryl p\u00e5 H\u00f8r 50&#215;70 cm. 4998 kr. &#8220;Rosa himmel + Arres\u00f8 blues&#8221; Akryl p\u00e5 h\u00f8rl\u00e6rred 50&#215;70 cm. 4998 kr. pr. stk. &#8220;Udkig&#8221; Akryl p\u00e5 h\u00f8rl\u00e6rred 50x70cm. 4998 kr. &#8220;Bl\u00e5 time&#8221; Akryl p\u00e5 l\u00e6rred.&hellip; <a class=\"more-link\" href=\"https:\/\/www.hannalajer.com\/index.php\/da\/galleri\/maleri\/\">L\u00e6s mere <span class=\"screen-reader-text\">Maleri<\/span><\/a><\/p>\n","protected":false},"author":2,"featured_media":0,"parent":568,"menu_order":0,"comment_status":"closed","ping_status":"closed","template":"","meta":{"footnotes":""},"_links":{"self":[{"href":"https:\/\/www.hannalajer.com\/index.php\/wp-json\/wp\/v2\/pages\/572"}],"collection":[{"href":"https:\/\/www.hannalajer.com\/index.php\/wp-json\/wp\/v2\/pages"}],"about":[{"href":"https:\/\/www.hannalajer.com\/index.php\/wp-json\/wp\/v2\/types\/page"}],"author":[{"embeddable":true,"href":"https:\/\/www.hannalajer.com\/index.php\/wp-json\/wp\/v2\/users\/2"}],"replies":[{"embeddable":true,"href":"https:\/\/www.hannalajer.com\/index.php\/wp-json\/wp\/v2\/comments?post=572"}],"version-history":[{"count":227,"href":"https:\/\/www.hannalajer.com\/index.php\/wp-json\/wp\/v2\/pages\/572\/revisions"}],"predecessor-version":[{"id":3066,"href":"https:\/\/www.hannalajer.com\/index.php\/wp-json\/wp\/v2\/pages\/572\/revisions\/3066"}],"up":[{"embeddable":true,"href":"https:\/\/www.hannalajer.com\/index.php\/wp-json\/wp\/v2\/pages\/568"}],"wp:attachment":[{"href":"https:\/\/www.hannalajer.com\/index.php\/wp-json\/wp\/v2\/media?parent=572"}],"curies":[{"name":"wp","href":"https:\/\/api.w.org\/{rel}","templated":true}]}}