{"id":574,"date":"2022-03-31T10:03:35","date_gmt":"2022-03-31T10:03:35","guid":{"rendered":"http:\/\/www.hannalajer.com\/?page_id=574"},"modified":"2026-01-18T17:55:31","modified_gmt":"2026-01-18T16:55:31","slug":"grafik","status":"publish","type":"page","link":"https:\/\/www.hannalajer.com\/index.php\/da\/galleri\/grafik\/","title":{"rendered":"Grafik"},"content":{"rendered":"\n<p class=\"has-text-align-center\"><\/p>\n\n\n\n<h4 class=\"wp-block-heading has-text-align-center\">&#8220;Halsn\u00e6s&#8221;<\/h4>\n\n\n\n<p class=\"has-text-align-center\">Inspireret af vejrforandringer i min region Halsn\u00e6s. Unikt monotypi tryk p\u00e5 300 grs. papir. Indrammet p\u00e5 sort syrefrit papir i sort tr\u00e6ramme m. glas 40&#215;50 cm. 1800 kr. pr. stk.<\/p>\n\n\n\n<figure class=\"wp-block-gallery has-nested-images columns-default is-cropped wp-block-gallery-1 is-layout-flex wp-block-gallery-is-layout-flex\">\n<figure class=\"wp-block-image size-large\"><a href=\"https:\/\/www.hannalajer.com\/wp-content\/uploads\/2024\/09\/bleggul-scaled.jpg\"><img loading=\"lazy\" decoding=\"async\" width=\"1024\" height=\"727\" data-id=\"2243\" src=\"https:\/\/www.hannalajer.com\/wp-content\/uploads\/2024\/09\/bleggul-1024x727.jpg\" alt=\"\" class=\"wp-image-2243\" srcset=\"https:\/\/www.hannalajer.com\/wp-content\/uploads\/2024\/09\/bleggul-1024x727.jpg 1024w, https:\/\/www.hannalajer.com\/wp-content\/uploads\/2024\/09\/bleggul-300x213.jpg 300w, https:\/\/www.hannalajer.com\/wp-content\/uploads\/2024\/09\/bleggul-768x545.jpg 768w, https:\/\/www.hannalajer.com\/wp-content\/uploads\/2024\/09\/bleggul-1536x1090.jpg 1536w, https:\/\/www.hannalajer.com\/wp-content\/uploads\/2024\/09\/bleggul-2048x1454.jpg 2048w, https:\/\/www.hannalajer.com\/wp-content\/uploads\/2024\/09\/bleggul-1568x1113.jpg 1568w\" sizes=\"(max-width: 1024px) 100vw, 1024px\" \/><\/a><figcaption class=\"wp-element-caption\">Haze<\/figcaption><\/figure>\n\n\n\n<figure class=\"wp-block-image size-large\"><a href=\"https:\/\/www.hannalajer.com\/wp-content\/uploads\/2024\/08\/graa1-1-scaled.jpg\"><img loading=\"lazy\" decoding=\"async\" width=\"1024\" height=\"731\" data-id=\"2112\" src=\"https:\/\/www.hannalajer.com\/wp-content\/uploads\/2024\/08\/graa1-1-1024x731.jpg\" alt=\"\" class=\"wp-image-2112\" srcset=\"https:\/\/www.hannalajer.com\/wp-content\/uploads\/2024\/08\/graa1-1-1024x731.jpg 1024w, https:\/\/www.hannalajer.com\/wp-content\/uploads\/2024\/08\/graa1-1-300x214.jpg 300w, https:\/\/www.hannalajer.com\/wp-content\/uploads\/2024\/08\/graa1-1-768x548.jpg 768w, https:\/\/www.hannalajer.com\/wp-content\/uploads\/2024\/08\/graa1-1-1536x1096.jpg 1536w, https:\/\/www.hannalajer.com\/wp-content\/uploads\/2024\/08\/graa1-1-2048x1461.jpg 2048w, https:\/\/www.hannalajer.com\/wp-content\/uploads\/2024\/08\/graa1-1-1568x1119.jpg 1568w\" sizes=\"(max-width: 1024px) 100vw, 1024px\" \/><\/a><figcaption class=\"wp-element-caption\">Frost<\/figcaption><\/figure>\n\n\n\n<figure class=\"wp-block-image size-large\"><a href=\"https:\/\/www.hannalajer.com\/wp-content\/uploads\/2024\/08\/blaa1-scaled.jpg\"><img loading=\"lazy\" decoding=\"async\" width=\"1024\" height=\"732\" data-id=\"2100\" src=\"https:\/\/www.hannalajer.com\/wp-content\/uploads\/2024\/08\/blaa1-1024x732.jpg\" alt=\"\" class=\"wp-image-2100\" srcset=\"https:\/\/www.hannalajer.com\/wp-content\/uploads\/2024\/08\/blaa1-1024x732.jpg 1024w, https:\/\/www.hannalajer.com\/wp-content\/uploads\/2024\/08\/blaa1-300x214.jpg 300w, https:\/\/www.hannalajer.com\/wp-content\/uploads\/2024\/08\/blaa1-768x549.jpg 768w, https:\/\/www.hannalajer.com\/wp-content\/uploads\/2024\/08\/blaa1-1536x1097.jpg 1536w, https:\/\/www.hannalajer.com\/wp-content\/uploads\/2024\/08\/blaa1-2048x1463.jpg 2048w, https:\/\/www.hannalajer.com\/wp-content\/uploads\/2024\/08\/blaa1-1568x1120.jpg 1568w\" sizes=\"(max-width: 1024px) 100vw, 1024px\" \/><\/a><figcaption class=\"wp-element-caption\">Storm<\/figcaption><\/figure>\n\n\n\n<figure class=\"wp-block-image size-large\"><a href=\"https:\/\/www.hannalajer.com\/wp-content\/uploads\/2024\/08\/blaany-scaled.jpg\"><img loading=\"lazy\" decoding=\"async\" width=\"1024\" height=\"718\" data-id=\"2096\" src=\"https:\/\/www.hannalajer.com\/wp-content\/uploads\/2024\/08\/blaany-1024x718.jpg\" alt=\"\" class=\"wp-image-2096\" srcset=\"https:\/\/www.hannalajer.com\/wp-content\/uploads\/2024\/08\/blaany-1024x718.jpg 1024w, https:\/\/www.hannalajer.com\/wp-content\/uploads\/2024\/08\/blaany-300x210.jpg 300w, https:\/\/www.hannalajer.com\/wp-content\/uploads\/2024\/08\/blaany-768x539.jpg 768w, https:\/\/www.hannalajer.com\/wp-content\/uploads\/2024\/08\/blaany-1536x1078.jpg 1536w, https:\/\/www.hannalajer.com\/wp-content\/uploads\/2024\/08\/blaany-2048x1437.jpg 2048w, https:\/\/www.hannalajer.com\/wp-content\/uploads\/2024\/08\/blaany-1568x1100.jpg 1568w\" sizes=\"(max-width: 1024px) 100vw, 1024px\" \/><\/a><figcaption class=\"wp-element-caption\">Rain<\/figcaption><\/figure>\n\n\n\n<figure class=\"wp-block-image size-large\"><a href=\"https:\/\/www.hannalajer.com\/wp-content\/uploads\/2024\/08\/gulny-scaled.jpg\"><img loading=\"lazy\" decoding=\"async\" width=\"1024\" height=\"716\" data-id=\"2095\" src=\"https:\/\/www.hannalajer.com\/wp-content\/uploads\/2024\/08\/gulny-1024x716.jpg\" alt=\"\" class=\"wp-image-2095\" srcset=\"https:\/\/www.hannalajer.com\/wp-content\/uploads\/2024\/08\/gulny-1024x716.jpg 1024w, https:\/\/www.hannalajer.com\/wp-content\/uploads\/2024\/08\/gulny-300x210.jpg 300w, https:\/\/www.hannalajer.com\/wp-content\/uploads\/2024\/08\/gulny-768x537.jpg 768w, https:\/\/www.hannalajer.com\/wp-content\/uploads\/2024\/08\/gulny-1536x1073.jpg 1536w, https:\/\/www.hannalajer.com\/wp-content\/uploads\/2024\/08\/gulny-2048x1431.jpg 2048w, https:\/\/www.hannalajer.com\/wp-content\/uploads\/2024\/08\/gulny-1568x1096.jpg 1568w\" sizes=\"(max-width: 1024px) 100vw, 1024px\" \/><\/a><figcaption class=\"wp-element-caption\">Sun<\/figcaption><\/figure>\n<\/figure>\n\n\n\n<p><\/p>\n\n\n\n<p><\/p>\n\n\n\n<h4 class=\"wp-block-heading has-text-align-center\">&#8220;Liquid Energy&#8221; 1-4<\/h4>\n\n\n\n<p class=\"has-text-align-center\">Monotypi serie, unikt grafiktryk p\u00e5 kraftigt 250 gr. papir.<\/p>\n\n\n\n<p class=\"has-text-align-center\">Indrammet sort tr\u00e6ramme\/glas 40&#215;50 cm. <\/p>\n\n\n\n<figure class=\"wp-block-gallery has-nested-images columns-default is-cropped wp-block-gallery-2 is-layout-flex wp-block-gallery-is-layout-flex\">\n<figure class=\"wp-block-image size-large\"><a href=\"https:\/\/www.hannalajer.com\/wp-content\/uploads\/2023\/01\/Empty_Room-scaled.jpg\"><img loading=\"lazy\" decoding=\"async\" width=\"1024\" height=\"683\" data-id=\"1450\" src=\"https:\/\/www.hannalajer.com\/wp-content\/uploads\/2023\/01\/Empty_Room-1024x683.jpg\" alt=\"\" class=\"wp-image-1450\" srcset=\"https:\/\/www.hannalajer.com\/wp-content\/uploads\/2023\/01\/Empty_Room-1024x683.jpg 1024w, https:\/\/www.hannalajer.com\/wp-content\/uploads\/2023\/01\/Empty_Room-300x200.jpg 300w, https:\/\/www.hannalajer.com\/wp-content\/uploads\/2023\/01\/Empty_Room-768x512.jpg 768w, https:\/\/www.hannalajer.com\/wp-content\/uploads\/2023\/01\/Empty_Room-1536x1024.jpg 1536w, https:\/\/www.hannalajer.com\/wp-content\/uploads\/2023\/01\/Empty_Room-2048x1365.jpg 2048w, https:\/\/www.hannalajer.com\/wp-content\/uploads\/2023\/01\/Empty_Room-1568x1045.jpg 1568w\" sizes=\"(max-width: 1024px) 100vw, 1024px\" \/><\/a><figcaption class=\"wp-element-caption\">SOLGT<\/figcaption><\/figure>\n<\/figure>\n\n\n\n<h4 class=\"wp-block-heading has-text-align-center\" id=\"flower-in-my-heart-stone-in-my-heart-series-blomst-i-mit-hjerte-sten-i-mit-hjerte-serie\">&#8220;Stone in my heart\/Flower in my heart&#8221;<\/h4>\n\n\n\n<p class=\"has-text-align-center\">Monotypi, h\u00e5ndlavet unikatryk p\u00e5 kraftigt grafikpapir. Indrammet eg\/glas 40 x 50 cm. <\/p>\n\n\n\n<p class=\"has-text-align-center\">V\u00e6rket \u00f8verst til venstre er udvalgt af Ringsted Sommerrock 2022 som festivalens scenebanner og t. shirt print.<\/p>\n\n\n\n<figure class=\"wp-block-gallery has-nested-images columns-default is-cropped wp-block-gallery-3 is-layout-flex wp-block-gallery-is-layout-flex\">\n<figure class=\"wp-block-image size-large\"><a href=\"https:\/\/www.hannalajer.com\/wp-content\/uploads\/2022\/02\/DSC_5004-3-scaled.jpg\"><img loading=\"lazy\" decoding=\"async\" width=\"1024\" height=\"845\" data-id=\"281\" src=\"https:\/\/www.hannalajer.com\/wp-content\/uploads\/2022\/02\/DSC_5004-3-1024x845.jpg\" alt=\"\" class=\"wp-image-281\" srcset=\"https:\/\/www.hannalajer.com\/wp-content\/uploads\/2022\/02\/DSC_5004-3-1024x845.jpg 1024w, https:\/\/www.hannalajer.com\/wp-content\/uploads\/2022\/02\/DSC_5004-3-300x248.jpg 300w, https:\/\/www.hannalajer.com\/wp-content\/uploads\/2022\/02\/DSC_5004-3-768x634.jpg 768w, https:\/\/www.hannalajer.com\/wp-content\/uploads\/2022\/02\/DSC_5004-3-1536x1267.jpg 1536w, https:\/\/www.hannalajer.com\/wp-content\/uploads\/2022\/02\/DSC_5004-3-2048x1690.jpg 2048w, https:\/\/www.hannalajer.com\/wp-content\/uploads\/2022\/02\/DSC_5004-3-1568x1294.jpg 1568w\" sizes=\"(max-width: 1024px) 100vw, 1024px\" \/><\/a><figcaption class=\"wp-element-caption\">SOLGT <\/figcaption><\/figure>\n\n\n\n<figure class=\"wp-block-image size-large\"><a href=\"https:\/\/www.hannalajer.com\/wp-content\/uploads\/2022\/02\/DSC_5013-1-scaled.jpg\"><img loading=\"lazy\" decoding=\"async\" width=\"1024\" height=\"853\" data-id=\"282\" src=\"https:\/\/www.hannalajer.com\/wp-content\/uploads\/2022\/02\/DSC_5013-1-1024x853.jpg\" alt=\"\" class=\"wp-image-282\" srcset=\"https:\/\/www.hannalajer.com\/wp-content\/uploads\/2022\/02\/DSC_5013-1-1024x853.jpg 1024w, https:\/\/www.hannalajer.com\/wp-content\/uploads\/2022\/02\/DSC_5013-1-300x250.jpg 300w, https:\/\/www.hannalajer.com\/wp-content\/uploads\/2022\/02\/DSC_5013-1-768x640.jpg 768w, https:\/\/www.hannalajer.com\/wp-content\/uploads\/2022\/02\/DSC_5013-1-1536x1280.jpg 1536w, https:\/\/www.hannalajer.com\/wp-content\/uploads\/2022\/02\/DSC_5013-1-2048x1707.jpg 2048w, https:\/\/www.hannalajer.com\/wp-content\/uploads\/2022\/02\/DSC_5013-1-1568x1307.jpg 1568w\" sizes=\"(max-width: 1024px) 100vw, 1024px\" \/><\/a><figcaption class=\"wp-element-caption\">SOLGT<\/figcaption><\/figure>\n\n\n\n<figure class=\"wp-block-image size-large\"><a href=\"https:\/\/www.hannalajer.com\/wp-content\/uploads\/2022\/02\/DSC_4999-Kopi-scaled.jpg\"><img loading=\"lazy\" decoding=\"async\" width=\"1024\" height=\"854\" data-id=\"278\" src=\"https:\/\/www.hannalajer.com\/wp-content\/uploads\/2022\/02\/DSC_4999-Kopi-1024x854.jpg\" alt=\"\" class=\"wp-image-278\" srcset=\"https:\/\/www.hannalajer.com\/wp-content\/uploads\/2022\/02\/DSC_4999-Kopi-1024x854.jpg 1024w, https:\/\/www.hannalajer.com\/wp-content\/uploads\/2022\/02\/DSC_4999-Kopi-300x250.jpg 300w, https:\/\/www.hannalajer.com\/wp-content\/uploads\/2022\/02\/DSC_4999-Kopi-768x640.jpg 768w, https:\/\/www.hannalajer.com\/wp-content\/uploads\/2022\/02\/DSC_4999-Kopi-1536x1280.jpg 1536w, https:\/\/www.hannalajer.com\/wp-content\/uploads\/2022\/02\/DSC_4999-Kopi-2048x1707.jpg 2048w, https:\/\/www.hannalajer.com\/wp-content\/uploads\/2022\/02\/DSC_4999-Kopi-1568x1307.jpg 1568w\" sizes=\"(max-width: 1024px) 100vw, 1024px\" \/><\/a><figcaption class=\"wp-element-caption\">SOLGT<\/figcaption><\/figure>\n\n\n\n<figure class=\"wp-block-image size-large\"><a href=\"https:\/\/www.hannalajer.com\/wp-content\/uploads\/2022\/02\/P1040259-1-scaled.jpg\"><img loading=\"lazy\" decoding=\"async\" width=\"1024\" height=\"872\" data-id=\"280\" src=\"https:\/\/www.hannalajer.com\/wp-content\/uploads\/2022\/02\/P1040259-1-1024x872.jpg\" alt=\"\" class=\"wp-image-280\" srcset=\"https:\/\/www.hannalajer.com\/wp-content\/uploads\/2022\/02\/P1040259-1-1024x872.jpg 1024w, https:\/\/www.hannalajer.com\/wp-content\/uploads\/2022\/02\/P1040259-1-300x255.jpg 300w, https:\/\/www.hannalajer.com\/wp-content\/uploads\/2022\/02\/P1040259-1-768x654.jpg 768w, https:\/\/www.hannalajer.com\/wp-content\/uploads\/2022\/02\/P1040259-1-1536x1307.jpg 1536w, https:\/\/www.hannalajer.com\/wp-content\/uploads\/2022\/02\/P1040259-1-2048x1743.jpg 2048w, https:\/\/www.hannalajer.com\/wp-content\/uploads\/2022\/02\/P1040259-1-1568x1335.jpg 1568w\" sizes=\"(max-width: 1024px) 100vw, 1024px\" \/><\/a><figcaption class=\"wp-element-caption\">SOLGT <\/figcaption><\/figure>\n<\/figure>\n\n\n\n<p class=\"has-text-align-center\"><\/p>\n","protected":false},"excerpt":{"rendered":"<p>&#8220;Halsn\u00e6s&#8221; Inspireret af vejrforandringer i min region Halsn\u00e6s. Unikt monotypi tryk p\u00e5 300 grs. papir. Indrammet p\u00e5 sort syrefrit papir i sort tr\u00e6ramme m. glas 40&#215;50 cm. 1800 kr. pr. stk. &#8220;Liquid Energy&#8221; 1-4 Monotypi serie, unikt grafiktryk p\u00e5 kraftigt 250 gr. papir. Indrammet sort tr\u00e6ramme\/glas 40&#215;50 cm. &#8220;Stone in my heart\/Flower in my heart&#8221;&hellip; <a class=\"more-link\" href=\"https:\/\/www.hannalajer.com\/index.php\/da\/galleri\/grafik\/\">L\u00e6s mere <span class=\"screen-reader-text\">Grafik<\/span><\/a><\/p>\n","protected":false},"author":2,"featured_media":0,"parent":568,"menu_order":0,"comment_status":"closed","ping_status":"closed","template":"","meta":{"footnotes":""},"_links":{"self":[{"href":"https:\/\/www.hannalajer.com\/index.php\/wp-json\/wp\/v2\/pages\/574"}],"collection":[{"href":"https:\/\/www.hannalajer.com\/index.php\/wp-json\/wp\/v2\/pages"}],"about":[{"href":"https:\/\/www.hannalajer.com\/index.php\/wp-json\/wp\/v2\/types\/page"}],"author":[{"embeddable":true,"href":"https:\/\/www.hannalajer.com\/index.php\/wp-json\/wp\/v2\/users\/2"}],"replies":[{"embeddable":true,"href":"https:\/\/www.hannalajer.com\/index.php\/wp-json\/wp\/v2\/comments?post=574"}],"version-history":[{"count":116,"href":"https:\/\/www.hannalajer.com\/index.php\/wp-json\/wp\/v2\/pages\/574\/revisions"}],"predecessor-version":[{"id":3076,"href":"https:\/\/www.hannalajer.com\/index.php\/wp-json\/wp\/v2\/pages\/574\/revisions\/3076"}],"up":[{"embeddable":true,"href":"https:\/\/www.hannalajer.com\/index.php\/wp-json\/wp\/v2\/pages\/568"}],"wp:attachment":[{"href":"https:\/\/www.hannalajer.com\/index.php\/wp-json\/wp\/v2\/media?parent=574"}],"curies":[{"name":"wp","href":"https:\/\/api.w.org\/{rel}","templated":true}]}}